{"id":153,"date":"2018-03-31T14:56:26","date_gmt":"2018-03-31T12:56:26","guid":{"rendered":"http:\/\/www.swifina.ch\/immobilien\/?page_id=153"},"modified":"2018-04-18T07:02:23","modified_gmt":"2018-04-18T05:02:23","slug":"ueber-uns","status":"publish","type":"page","link":"https:\/\/www.swifina.ch\/immobilien\/ueber-uns\/","title":{"rendered":"Ueber uns"},"content":{"rendered":"<h3>Ueber uns<\/h3>\n<p>&nbsp;<\/p>\n<h4>Wer wir sind<\/h4>\n<p>Unser Gesch\u00e4ftsbereich, Swifina Immobilien, geh\u00f6rt zur Swifina Gruppe mit Sitz in der Schweiz. Wir befassen uns mit dem Vermieten, Handeln, Kaufen und Verkaufen von Wohnungen und Immobilien. Wir sind darum bem\u00fcht, Ihnen aussergew\u00f6hnliche L\u00f6sungen f\u00fcr ihre Immobilienbed\u00fcrfnisse anzubieten. Entscheiden Sie sich f\u00fcr Swifina Immobilien, finden Sie einen erfahrenen Partner, der ihre wirtschaftlichen Ziele und Bed\u00fcrfnisse, mit umfassendem Wissen \u00fcber jegliche Gepflogenheiten des Marktes, verkn\u00fcpft. Wir bem\u00fchen uns, unseren Erfahrungsschatz in jede Situation einzubringen und sind sicher, die innovativsten Ans\u00e4tze f\u00fcr Sie entwickeln zu k\u00f6nnen, um Ihre Ziele zu erreichen und Ihren Erfolg zu maximieren.<\/p>\n<p>&nbsp;<\/p>\n<h4>Dienstleistungen und Unterst\u00fctzungen<\/h4>\n<p>Die Fachleute von Swifina Immobilien haben Erfahrungen im Verkauf, Kauf und Vermittlung von Immobilien aller Art. Dar\u00fcber hinaus k\u00f6nnen die Mitarbeiter von Swifina Immobilien eine breite Palette von Immobilien-Service anbieten. Diese sind:<\/p>\n<ul>\n<li>Immobilien-Dienstleistungen<\/li>\n<li>Vertretung der Mieter<\/li>\n<li>Vertretung der Eigent\u00fcmer<\/li>\n<li>Verwaltung<\/li>\n<li>Verm\u00f6gens- und Immobilienmanagement<\/li>\n<\/ul>\n<p>&nbsp;<\/p>\n<h4>Unser Leitbild<\/h4>\n<p><strong>Mission:<\/strong> Angebot von Immobilien-Beratungsdiensten und Bereitstellung von Mehrwert f\u00fcr unsere Kunden durch die Erstellung und Lieferung von ma\u00dfgeschneiderten L\u00f6sungen, die ihre kommerziellen und finanziellen Ziele unterst\u00fctzen.<\/p>\n<p><strong>Werte:<\/strong> Unsere Mitarbeiter arbeiten zusammen, um den h\u00f6chsten Standard an Kundenservice zu schaffen, w\u00e4hrend sie hervorragende Ergebnisse erzielen und Beziehungen aufbauen.<\/p>\n<p><strong>Kultur:<\/strong> Wir sind an Menschen, Leidenschaft und einem starken Engagement f\u00fcr die Bereitstellung von Mehrwertdiensten f\u00fcr unsere Kunden interessiert.<\/p>\n","protected":false},"excerpt":{"rendered":"<p>Ueber uns &nbsp; Wer wir sind Unser Gesch\u00e4ftsbereich, Swifina Immobilien, geh\u00f6rt zur Swifina Gruppe mit Sitz in der Schweiz. Wir befassen uns mit dem Vermieten, Handeln, Kaufen und Verkaufen von Wohnungen und Immobilien. Wir sind darum bem\u00fcht, Ihnen aussergew\u00f6hnliche L\u00f6sungen f\u00fcr ihre Immobilienbed\u00fcrfnisse anzubieten. Entscheiden Sie sich f\u00fcr Swifina Immobilien, finden Sie einen erfahrenen Partner, der ihre wirtschaftlichen Ziele und<\/p>\n<div class=\"clearfix\"><\/div>\n<div class=\"pull-left padding-top-25\"><a href=\"https:\/\/www.swifina.ch\/immobilien\/ueber-uns\/\" class=\"btn btn-theme\">Continue reading<span class=\"screen-reader-text\"> &#8222;Ueber uns&#8220;<\/span> <i class=\"fa fa-fw fa-long-arrow-right\"><\/i> <\/a>  <\/div>\n","protected":false},"author":1,"featured_media":0,"parent":0,"menu_order":0,"comment_status":"closed","ping_status":"closed","template":"","meta":{"footnotes":""},"class_list":["post-153","page","type-page","status-publish","hentry"],"wps_subtitle":"","jetpack_sharing_enabled":true,"_links":{"self":[{"href":"https:\/\/www.swifina.ch\/immobilien\/wp-json\/wp\/v2\/pages\/153","targetHints":{"allow":["GET"]}}],"collection":[{"href":"https:\/\/www.swifina.ch\/immobilien\/wp-json\/wp\/v2\/pages"}],"about":[{"href":"https:\/\/www.swifina.ch\/immobilien\/wp-json\/wp\/v2\/types\/page"}],"author":[{"embeddable":true,"href":"https:\/\/www.swifina.ch\/immobilien\/wp-json\/wp\/v2\/users\/1"}],"replies":[{"embeddable":true,"href":"https:\/\/www.swifina.ch\/immobilien\/wp-json\/wp\/v2\/comments?post=153"}],"version-history":[{"count":32,"href":"https:\/\/www.swifina.ch\/immobilien\/wp-json\/wp\/v2\/pages\/153\/revisions"}],"predecessor-version":[{"id":353,"href":"https:\/\/www.swifina.ch\/immobilien\/wp-json\/wp\/v2\/pages\/153\/revisions\/353"}],"wp:attachment":[{"href":"https:\/\/www.swifina.ch\/immobilien\/wp-json\/wp\/v2\/media?parent=153"}],"curies":[{"name":"wp","href":"https:\/\/api.w.org\/{rel}","templated":true}]}}