{"id":731,"date":"2022-04-10T10:54:02","date_gmt":"2022-04-10T08:54:02","guid":{"rendered":"https:\/\/www.swifina.ch\/handel\/?post_type=product&#038;p=731"},"modified":"2022-04-27T10:28:02","modified_gmt":"2022-04-27T08:28:02","slug":"gym-80-staender-mit-scheiben-multipresse","status":"publish","type":"product","link":"https:\/\/www.swifina.ch\/handel\/produkt\/geraete\/fitness\/gym-80-staender-mit-scheiben-multipresse\/","title":{"rendered":"Gym 80 &#8211; St\u00e4nder mit Scheiben (f\u00fcr Multipresse)"},"content":{"rendered":"<h3>Gym 80 &#8211; St\u00e4nder mit Scheiben (f\u00fcr Multipresse)<\/h3>\n","protected":false},"excerpt":{"rendered":"<h1>Gym 80 &#8211; St\u00e4nder mit Scheiben (f\u00fcr Multipresse)<\/h1>\n<h3>St\u00e4nder \u20ac 50.&#8211;<br \/>\nScheiben \u20ac 0.50 \/kg<br \/>\n5 kg = 27 St. = 67.50<br \/>\n2.5 kg = 5 St. = 6.25<br \/>\n1.25 kg = 9 St. = 5.75<\/h3>\n<h1>Komplett \u20ac 130.&#8211;<\/h1>\n<p>Artikelstandort: DE-79730 Murg | Tel: +49 174 261 25 03<br \/>\nVersand: Nur Abholung | Bezahlung: In bar bei Abholung<\/p>\n","protected":false},"featured_media":732,"comment_status":"closed","ping_status":"closed","template":"","meta":{"jetpack_post_was_ever_published":false,"jetpack_publicize_message":"","jetpack_publicize_feature_enabled":true,"jetpack_social_post_already_shared":true,"jetpack_social_options":{"image_generator_settings":{"template":"highway","default_image_id":0,"font":"","enabled":false},"version":2}},"product_brand":[],"product_cat":[56],"product_tag":[75,72,74],"pa_verbrauch":[],"class_list":{"0":"post-731","1":"product","2":"type-product","3":"status-publish","4":"has-post-thumbnail","6":"product_cat-fitness","7":"product_tag-multipresse","8":"product_tag-muskelaufbau","9":"product_tag-scheiben","11":"first","12":"instock","13":"taxable","14":"shipping-taxable","15":"purchasable","16":"product-type-simple"},"jetpack_publicize_connections":[],"jetpack_sharing_enabled":true,"_links":{"self":[{"href":"https:\/\/www.swifina.ch\/handel\/wp-json\/wp\/v2\/product\/731","targetHints":{"allow":["GET"]}}],"collection":[{"href":"https:\/\/www.swifina.ch\/handel\/wp-json\/wp\/v2\/product"}],"about":[{"href":"https:\/\/www.swifina.ch\/handel\/wp-json\/wp\/v2\/types\/product"}],"replies":[{"embeddable":true,"href":"https:\/\/www.swifina.ch\/handel\/wp-json\/wp\/v2\/comments?post=731"}],"wp:featuredmedia":[{"embeddable":true,"href":"https:\/\/www.swifina.ch\/handel\/wp-json\/wp\/v2\/media\/732"}],"wp:attachment":[{"href":"https:\/\/www.swifina.ch\/handel\/wp-json\/wp\/v2\/media?parent=731"}],"wp:term":[{"taxonomy":"product_brand","embeddable":true,"href":"https:\/\/www.swifina.ch\/handel\/wp-json\/wp\/v2\/product_brand?post=731"},{"taxonomy":"product_cat","embeddable":true,"href":"https:\/\/www.swifina.ch\/handel\/wp-json\/wp\/v2\/product_cat?post=731"},{"taxonomy":"product_tag","embeddable":true,"href":"https:\/\/www.swifina.ch\/handel\/wp-json\/wp\/v2\/product_tag?post=731"},{"taxonomy":"pa_verbrauch","embeddable":true,"href":"https:\/\/www.swifina.ch\/handel\/wp-json\/wp\/v2\/pa_verbrauch?post=731"}],"curies":[{"name":"wp","href":"https:\/\/api.w.org\/{rel}","templated":true}]}}