{"id":727,"date":"2022-04-10T10:41:34","date_gmt":"2022-04-10T08:41:34","guid":{"rendered":"https:\/\/www.swifina.ch\/handel\/?post_type=product&#038;p=727"},"modified":"2022-04-26T15:56:27","modified_gmt":"2022-04-26T13:56:27","slug":"gym-80-multipresse-muskelaufbau","status":"publish","type":"product","link":"https:\/\/www.swifina.ch\/handel\/produkt\/geraete\/fitness\/gym-80-multipresse-muskelaufbau\/","title":{"rendered":"Gym 80 &#8211; Multipresse (Muskelaufbau)"},"content":{"rendered":"<h3>Gym 80 &#8211; Multipresse (Muskelaufbau)<\/h3>\n","protected":false},"excerpt":{"rendered":"<h1>Gym 80 &#8211; Multipresse (Muskelaufbau)<\/h1>\n<div class=\"wp-block-uagb-icon-list uagb-icon-list__outer-wrap uagb-icon-list__layout-vertical uagb-block-7a23380d\">\n<div class=\"uagb-icon-list__wrap\">\n<div class=\"wp-block-uagb-icon-list-child uagb-icon-list-repeater uagb-icon-list__wrapper uagb-block-ec54d0b4\">\n<div class=\"uagb-icon-list__content-wrap\">\n<div class=\"uagb-icon-list__label-wrap\"><span class=\"uagb-icon-list__label\"><strong>Nutzen<\/strong><\/span><\/div>\n<\/div>\n<\/div>\n<\/div>\n<\/div>\n<ul>\n<li><strong>Eine Multipresse ist ein modernes Fitnessger\u00e4t<\/strong>, mit dem du deine Muskulatur auf viele verschiedene Arten trainieren kannst.<\/li>\n<li>Mit einer vollausgestatteten Presse sind\u00a0<strong>Bankdr\u00fccken, Squats, Klimmz\u00fcge, Rudern, Nacken- und R\u00fcckenziehen, sowie Beinbeugen und weitere \u00dcbungen<\/strong>\u00a0m\u00f6glich.<\/li>\n<li>Andere Varianten der Multipressen sind nur f\u00fcr bestimmte Trainingsmethoden ausgelegt, sind daf\u00fcr allerdings auch preisg\u00fcnstiger.<\/li>\n<li>Ben\u00f6tigst du noch etwaiges Zubeh\u00f6r, wie zum Beispiel weitere Gewichte, Hanteln oder Unterlegmatten, kannst du dir dieses in der Regel einfach zus\u00e4tzlich anschaffen und mit deiner Presse nutzen.<\/li>\n<\/ul>\n<h1>\u20ac 2&#8217;150.&#8211;<\/h1>\n<p>Artikelstandort: DE-79730 Murg | Tel: +49 174 261 25 03<br \/>\nVersand: Nur Abholung | Bezahlung: In bar bei Abholung<\/p>\n","protected":false},"featured_media":728,"comment_status":"closed","ping_status":"closed","template":"","meta":{"jetpack_post_was_ever_published":false,"jetpack_publicize_message":"","jetpack_publicize_feature_enabled":true,"jetpack_social_post_already_shared":true,"jetpack_social_options":{"image_generator_settings":{"template":"highway","default_image_id":0,"font":"","enabled":false},"version":2}},"product_brand":[],"product_cat":[56],"product_tag":[73,72],"pa_verbrauch":[],"class_list":{"0":"post-727","1":"product","2":"type-product","3":"status-publish","4":"has-post-thumbnail","6":"product_cat-fitness","7":"product_tag-gym-80","8":"product_tag-muskelaufbau","10":"first","11":"instock","12":"taxable","13":"shipping-taxable","14":"purchasable","15":"product-type-simple"},"jetpack_publicize_connections":[],"jetpack_sharing_enabled":true,"_links":{"self":[{"href":"https:\/\/www.swifina.ch\/handel\/wp-json\/wp\/v2\/product\/727","targetHints":{"allow":["GET"]}}],"collection":[{"href":"https:\/\/www.swifina.ch\/handel\/wp-json\/wp\/v2\/product"}],"about":[{"href":"https:\/\/www.swifina.ch\/handel\/wp-json\/wp\/v2\/types\/product"}],"replies":[{"embeddable":true,"href":"https:\/\/www.swifina.ch\/handel\/wp-json\/wp\/v2\/comments?post=727"}],"wp:featuredmedia":[{"embeddable":true,"href":"https:\/\/www.swifina.ch\/handel\/wp-json\/wp\/v2\/media\/728"}],"wp:attachment":[{"href":"https:\/\/www.swifina.ch\/handel\/wp-json\/wp\/v2\/media?parent=727"}],"wp:term":[{"taxonomy":"product_brand","embeddable":true,"href":"https:\/\/www.swifina.ch\/handel\/wp-json\/wp\/v2\/product_brand?post=727"},{"taxonomy":"product_cat","embeddable":true,"href":"https:\/\/www.swifina.ch\/handel\/wp-json\/wp\/v2\/product_cat?post=727"},{"taxonomy":"product_tag","embeddable":true,"href":"https:\/\/www.swifina.ch\/handel\/wp-json\/wp\/v2\/product_tag?post=727"},{"taxonomy":"pa_verbrauch","embeddable":true,"href":"https:\/\/www.swifina.ch\/handel\/wp-json\/wp\/v2\/pa_verbrauch?post=727"}],"curies":[{"name":"wp","href":"https:\/\/api.w.org\/{rel}","templated":true}]}}