{"id":358,"date":"2018-11-02T10:31:03","date_gmt":"2018-11-02T09:31:03","guid":{"rendered":"http:\/\/www.swifina.ch\/handel\/?post_type=product&#038;p=358"},"modified":"2020-05-17T11:16:21","modified_gmt":"2020-05-17T09:16:21","slug":"humbaur-ht-3500-annhaenger","status":"publish","type":"product","link":"https:\/\/www.swifina.ch\/handel\/produkt\/fahrzeuge\/humbaur-ht-3500-annhaenger\/","title":{"rendered":"Humbaur HT 3500 &#8211; Anhaenger"},"content":{"rendered":"<p>Fankhauser Sachentransportanh\u00e4nger 3,5 t; Br\u00fccke mit Verdeck in grau weiss; mit Durchladeoption; der Anh\u00e4nger wurde wenig benutz;<\/p>\n","protected":false},"excerpt":{"rendered":"<p>Fankhauser Sachentransportanh\u00e4nger 3,5 t; Br\u00fccke mit Verdeck in grau weiss; Durchladeoption; der Anh\u00e4nger wurde wenig benutz;<\/p>\n","protected":false},"featured_media":360,"comment_status":"open","ping_status":"closed","template":"","meta":{"jetpack_post_was_ever_published":false,"jetpack_publicize_message":"","jetpack_publicize_feature_enabled":true,"jetpack_social_post_already_shared":true,"jetpack_social_options":{"image_generator_settings":{"template":"highway","default_image_id":0,"font":"","enabled":false},"version":2}},"product_brand":[],"product_cat":[32],"product_tag":[],"pa_verbrauch":[],"class_list":{"0":"post-358","1":"product","2":"type-product","3":"status-publish","4":"has-post-thumbnail","6":"product_cat-fahrzeuge","8":"first","9":"instock","10":"sale","11":"taxable","12":"shipping-taxable","13":"purchasable","14":"product-type-simple"},"jetpack_publicize_connections":[],"jetpack_sharing_enabled":true,"_links":{"self":[{"href":"https:\/\/www.swifina.ch\/handel\/wp-json\/wp\/v2\/product\/358","targetHints":{"allow":["GET"]}}],"collection":[{"href":"https:\/\/www.swifina.ch\/handel\/wp-json\/wp\/v2\/product"}],"about":[{"href":"https:\/\/www.swifina.ch\/handel\/wp-json\/wp\/v2\/types\/product"}],"replies":[{"embeddable":true,"href":"https:\/\/www.swifina.ch\/handel\/wp-json\/wp\/v2\/comments?post=358"}],"wp:featuredmedia":[{"embeddable":true,"href":"https:\/\/www.swifina.ch\/handel\/wp-json\/wp\/v2\/media\/360"}],"wp:attachment":[{"href":"https:\/\/www.swifina.ch\/handel\/wp-json\/wp\/v2\/media?parent=358"}],"wp:term":[{"taxonomy":"product_brand","embeddable":true,"href":"https:\/\/www.swifina.ch\/handel\/wp-json\/wp\/v2\/product_brand?post=358"},{"taxonomy":"product_cat","embeddable":true,"href":"https:\/\/www.swifina.ch\/handel\/wp-json\/wp\/v2\/product_cat?post=358"},{"taxonomy":"product_tag","embeddable":true,"href":"https:\/\/www.swifina.ch\/handel\/wp-json\/wp\/v2\/product_tag?post=358"},{"taxonomy":"pa_verbrauch","embeddable":true,"href":"https:\/\/www.swifina.ch\/handel\/wp-json\/wp\/v2\/pa_verbrauch?post=358"}],"curies":[{"name":"wp","href":"https:\/\/api.w.org\/{rel}","templated":true}]}}