{"id":302,"date":"2018-10-11T09:34:15","date_gmt":"2018-10-11T07:34:15","guid":{"rendered":"http:\/\/www.swifina.ch\/handel\/?post_type=product&#038;p=302"},"modified":"2020-05-17T11:16:21","modified_gmt":"2020-05-17T09:16:21","slug":"schubmast-stapler-nur-787-betriebsstunden-hubhoehe-6-50-m","status":"publish","type":"product","link":"https:\/\/www.swifina.ch\/handel\/produkt\/geraete\/fabrikation\/schubmast-stapler-nur-787-betriebsstunden-hubhoehe-6-50-m\/","title":{"rendered":"Schubmast Stapler"},"content":{"rendered":"<p>Typ Jungheinrich ETM A13.5; idealer Stapler f\u00fcr enge Zwischenr\u00e4ume und hohe H\u00f6hen. Der Stapler ist einsatzbereit. Einzig sollte das fordere linke Rad demn\u00e4chst ersetzt werden (Fr. 617.&#8211;). Das urspr\u00fcngliche Kunststoffrad l\u00f6st sich durch die Jahre regelrecht auf. Der Stapler ist die meisten Zeit ungebraucht gestanden. \u00dcblicherweise leistet ein Stapler dieser Art ca. 12&#8217;000 Betriebsstunden. Somit sind gerade mal 6.5% der zu erwartenden Leistung gebraucht.<\/p>\n<p>Im Gegensatz zu Hubmaststaplern, die ihre Standsicherheit vor allem durch ein Gegengewicht erhalten, sind Schubmaststapler an ihrer Front mit Radarmen ausgestattet. Der Mast liegt innerhalb der Radarme, wird also von den R\u00e4dern gest\u00fctzt.<br \/>\nBei der Lastaufnahme wird der Mast nach vorne geschoben und l\u00e4sst sich bis auf den Boden senken. Er liegt dann frei vor dem Stapler. Nach Aufnahme der Last wird der Mast zur\u00fcckgezogen und liegt wieder innerhalb der Radarme \u2013 ideal f\u00fcr den Palettentransport. Durch die Konstruktion ist ein deutlich geringeres Gegengewicht gegen\u00fcber Hubmaststaplern erforderlich und die Ger\u00e4te k\u00f6nnen k\u00fcrzer gebaut werden. So entsteht der Raumgewinn, der f\u00fcr die enge Welt der Regale erforderlich ist.<\/p>\n","protected":false},"excerpt":{"rendered":"<h3>Fast wie neu! hat nur 788 Std.; geht bis 6.50 m hoch<\/h3>\n<p>Typ Jungheinrich ETM A13.5.\u00a0 Idealer Stapler f\u00fcr enge Zwischenr\u00e4ume und hohe H\u00f6hen.<br \/>\nDer Stapler ist einsatzbereit. Ladeger\u00e4t ist mit dabei.<\/p>\n","protected":false},"featured_media":311,"comment_status":"open","ping_status":"closed","template":"","meta":{"jetpack_post_was_ever_published":false,"jetpack_publicize_message":"","jetpack_publicize_feature_enabled":true,"jetpack_social_post_already_shared":true,"jetpack_social_options":{"image_generator_settings":{"template":"highway","default_image_id":0,"font":"","enabled":false},"version":2}},"product_brand":[],"product_cat":[52],"product_tag":[],"pa_verbrauch":[],"class_list":{"0":"post-302","1":"product","2":"type-product","3":"status-publish","4":"has-post-thumbnail","6":"product_cat-fabrikation","8":"first","9":"instock","10":"sale","11":"taxable","12":"shipping-taxable","13":"purchasable","14":"product-type-simple"},"jetpack_publicize_connections":[],"jetpack_sharing_enabled":true,"_links":{"self":[{"href":"https:\/\/www.swifina.ch\/handel\/wp-json\/wp\/v2\/product\/302","targetHints":{"allow":["GET"]}}],"collection":[{"href":"https:\/\/www.swifina.ch\/handel\/wp-json\/wp\/v2\/product"}],"about":[{"href":"https:\/\/www.swifina.ch\/handel\/wp-json\/wp\/v2\/types\/product"}],"replies":[{"embeddable":true,"href":"https:\/\/www.swifina.ch\/handel\/wp-json\/wp\/v2\/comments?post=302"}],"wp:featuredmedia":[{"embeddable":true,"href":"https:\/\/www.swifina.ch\/handel\/wp-json\/wp\/v2\/media\/311"}],"wp:attachment":[{"href":"https:\/\/www.swifina.ch\/handel\/wp-json\/wp\/v2\/media?parent=302"}],"wp:term":[{"taxonomy":"product_brand","embeddable":true,"href":"https:\/\/www.swifina.ch\/handel\/wp-json\/wp\/v2\/product_brand?post=302"},{"taxonomy":"product_cat","embeddable":true,"href":"https:\/\/www.swifina.ch\/handel\/wp-json\/wp\/v2\/product_cat?post=302"},{"taxonomy":"product_tag","embeddable":true,"href":"https:\/\/www.swifina.ch\/handel\/wp-json\/wp\/v2\/product_tag?post=302"},{"taxonomy":"pa_verbrauch","embeddable":true,"href":"https:\/\/www.swifina.ch\/handel\/wp-json\/wp\/v2\/pa_verbrauch?post=302"}],"curies":[{"name":"wp","href":"https:\/\/api.w.org\/{rel}","templated":true}]}}