{"id":298,"date":"2018-09-27T16:33:42","date_gmt":"2018-09-27T14:33:42","guid":{"rendered":"http:\/\/www.swifina.ch\/handel\/?post_type=product&#038;p=298"},"modified":"2020-05-17T11:16:22","modified_gmt":"2020-05-17T09:16:22","slug":"prospekt-staender","status":"publish","type":"product","link":"https:\/\/www.swifina.ch\/handel\/produkt\/einrichtungen\/prospekt-staender\/","title":{"rendered":"Prospekt St\u00e4nder"},"content":{"rendered":"<p>St\u00e4nder f\u00fcr Prospekte<\/p>\n<p>&nbsp;<\/p>\n","protected":false},"excerpt":{"rendered":"<p>Restposten &#8211; Lager 4932 Lotzwil<\/p>\n","protected":false},"featured_media":299,"comment_status":"open","ping_status":"closed","template":"","meta":{"jetpack_post_was_ever_published":false,"jetpack_publicize_message":"","jetpack_publicize_feature_enabled":true,"jetpack_social_post_already_shared":true,"jetpack_social_options":{"image_generator_settings":{"template":"highway","default_image_id":0,"font":"","enabled":false},"version":2}},"product_brand":[],"product_cat":[33],"product_tag":[37,34,35],"pa_verbrauch":[],"class_list":{"0":"post-298","1":"product","2":"type-product","3":"status-publish","4":"has-post-thumbnail","6":"product_cat-einrichtungen","7":"product_tag-kesselware","8":"product_tag-vollabrieb","9":"product_tag-weiss","10":"product_shipping_class-pal-bis-600-kg","12":"first","13":"instock","14":"sale","15":"taxable","16":"shipping-taxable","17":"purchasable","18":"product-type-simple"},"jetpack_publicize_connections":[],"jetpack_sharing_enabled":true,"_links":{"self":[{"href":"https:\/\/www.swifina.ch\/handel\/wp-json\/wp\/v2\/product\/298","targetHints":{"allow":["GET"]}}],"collection":[{"href":"https:\/\/www.swifina.ch\/handel\/wp-json\/wp\/v2\/product"}],"about":[{"href":"https:\/\/www.swifina.ch\/handel\/wp-json\/wp\/v2\/types\/product"}],"replies":[{"embeddable":true,"href":"https:\/\/www.swifina.ch\/handel\/wp-json\/wp\/v2\/comments?post=298"}],"wp:featuredmedia":[{"embeddable":true,"href":"https:\/\/www.swifina.ch\/handel\/wp-json\/wp\/v2\/media\/299"}],"wp:attachment":[{"href":"https:\/\/www.swifina.ch\/handel\/wp-json\/wp\/v2\/media?parent=298"}],"wp:term":[{"taxonomy":"product_brand","embeddable":true,"href":"https:\/\/www.swifina.ch\/handel\/wp-json\/wp\/v2\/product_brand?post=298"},{"taxonomy":"product_cat","embeddable":true,"href":"https:\/\/www.swifina.ch\/handel\/wp-json\/wp\/v2\/product_cat?post=298"},{"taxonomy":"product_tag","embeddable":true,"href":"https:\/\/www.swifina.ch\/handel\/wp-json\/wp\/v2\/product_tag?post=298"},{"taxonomy":"pa_verbrauch","embeddable":true,"href":"https:\/\/www.swifina.ch\/handel\/wp-json\/wp\/v2\/pa_verbrauch?post=298"}],"curies":[{"name":"wp","href":"https:\/\/api.w.org\/{rel}","templated":true}]}}