{"id":204,"date":"2018-09-13T14:30:43","date_gmt":"2018-09-13T12:30:43","guid":{"rendered":"http:\/\/www.swifina.ch\/handel\/?post_type=product&#038;p=204"},"modified":"2018-09-26T11:33:08","modified_gmt":"2018-09-26T09:33:08","slug":"malerputz-innen-typ-800-va-1-2-mm","status":"publish","type":"product","link":"https:\/\/www.swifina.ch\/handel\/produkt\/beschichtungsstoffe\/putze\/putze-innen\/malerputz-innen-typ-800-va-1-2-mm\/","title":{"rendered":"Malerputz innen Typ 800 VA 1.2 mm"},"content":{"rendered":"<p>Kosteng\u00fcnstiger organisch gebundener Innenputz zum \u00dcberstreichen. Er ist mit hochreinen Marmormehlen und Sanden formuliert und enth\u00e4lt keine Weisspigmente.<\/p>\n","protected":false},"excerpt":{"rendered":"<h4>Restposten &#8211; Lager 4932 Lotzwil<\/h4>\n","protected":false},"featured_media":205,"comment_status":"open","ping_status":"closed","template":"","meta":{"jetpack_post_was_ever_published":false,"jetpack_publicize_message":"","jetpack_publicize_feature_enabled":true,"jetpack_social_post_already_shared":true,"jetpack_social_options":{"image_generator_settings":{"template":"highway","default_image_id":0,"font":"","enabled":false},"version":2}},"product_brand":[],"product_cat":[29],"product_tag":[37,34,35],"pa_verbrauch":[],"class_list":{"0":"post-204","1":"product","2":"type-product","3":"status-publish","4":"has-post-thumbnail","6":"product_cat-putze-innen","7":"product_tag-kesselware","8":"product_tag-vollabrieb","9":"product_tag-weiss","11":"first","12":"instock","13":"sale","14":"taxable","15":"shipping-taxable","16":"purchasable","17":"product-type-simple"},"jetpack_publicize_connections":[],"jetpack_sharing_enabled":true,"_links":{"self":[{"href":"https:\/\/www.swifina.ch\/handel\/wp-json\/wp\/v2\/product\/204","targetHints":{"allow":["GET"]}}],"collection":[{"href":"https:\/\/www.swifina.ch\/handel\/wp-json\/wp\/v2\/product"}],"about":[{"href":"https:\/\/www.swifina.ch\/handel\/wp-json\/wp\/v2\/types\/product"}],"replies":[{"embeddable":true,"href":"https:\/\/www.swifina.ch\/handel\/wp-json\/wp\/v2\/comments?post=204"}],"wp:featuredmedia":[{"embeddable":true,"href":"https:\/\/www.swifina.ch\/handel\/wp-json\/wp\/v2\/media\/205"}],"wp:attachment":[{"href":"https:\/\/www.swifina.ch\/handel\/wp-json\/wp\/v2\/media?parent=204"}],"wp:term":[{"taxonomy":"product_brand","embeddable":true,"href":"https:\/\/www.swifina.ch\/handel\/wp-json\/wp\/v2\/product_brand?post=204"},{"taxonomy":"product_cat","embeddable":true,"href":"https:\/\/www.swifina.ch\/handel\/wp-json\/wp\/v2\/product_cat?post=204"},{"taxonomy":"product_tag","embeddable":true,"href":"https:\/\/www.swifina.ch\/handel\/wp-json\/wp\/v2\/product_tag?post=204"},{"taxonomy":"pa_verbrauch","embeddable":true,"href":"https:\/\/www.swifina.ch\/handel\/wp-json\/wp\/v2\/pa_verbrauch?post=204"}],"curies":[{"name":"wp","href":"https:\/\/api.w.org\/{rel}","templated":true}]}}